{"id":553,"date":"2022-06-28T21:41:52","date_gmt":"2022-06-28T19:41:52","guid":{"rendered":"https:\/\/wagnervrienden.be\/?page_id=553"},"modified":"2026-02-17T22:47:03","modified_gmt":"2026-02-17T20:47:03","slug":"voorbije-activiteiten","status":"publish","type":"page","link":"https:\/\/wagnervrienden.be\/index.php\/activiteiten\/voorbije-activiteiten\/","title":{"rendered":"Voorbije activiteiten"},"content":{"rendered":"<ul>\n<li><a href=\"https:\/\/wagnervrienden.be\/index.php\/activiteiten\/voorbije-activiteiten\/der-fliegende-hollander-12-06-21\/\">Lezing <em>Der Fliegende Holl\u00e4nder<\/em><\/a><\/li>\n<li><a href=\"https:\/\/wagnervrienden.be\/index.php\/activiteiten\/voorbije-activiteiten\/algemene-vergadering-2021\/\">Algemene Vergadering 2021<\/a><\/li>\n<li><a href=\"https:\/\/wagnervrienden.be\/index.php\/activiteiten\/voorbije-activiteiten\/wagneractiviteit-lezing-der-freischutz\/\">Lezing <em>Der Freisch\u00fctz<\/em><\/a><\/li>\n<li><a href=\"https:\/\/wagnervrienden.be\/index.php\/activiteiten\/voorbije-activiteiten\/der-freischutz-in-amsterdam\/\"><em>Der Freisch\u00fctz <\/em>in Amsterdam<\/a><\/li>\n<li><a href=\"https:\/\/wagnervrienden.be\/index.php\/activiteiten\/voorbije-activiteiten\/lezing-prof-freddy-mortier-de-muziekfilosofie-van-richard-wagner\/\">Lezing prof. Mortier: De muziekfilosofie van Richard Wagner<\/a><\/li>\n<li><a href=\"https:\/\/wagnervrienden.be\/index.php\/activiteiten\/voorbije-activiteiten\/10-jaar-wv-av-lezing-tannhauser\/\">10 jaar WagnerVrienden: AV + Lezing <em>Tannh\u00e4user<\/em><\/a><\/li>\n<li><a href=\"https:\/\/wagnervrienden.be\/index.php\/activiteiten\/voorbije-activiteiten\/tannhauser-in-essen\/\"><em>Tannh\u00e4user <\/em>in Essen<\/a><\/li>\n<li><a href=\"https:\/\/wagnervrienden.be\/index.php\/activiteiten\/voorbije-activiteiten\/lezing-der-rosenkavalier\/\">Lezing <em>Der Rosenkavalier<\/em><\/a><\/li>\n<li><a href=\"https:\/\/wagnervrienden.be\/index.php\/activiteiten\/voorbije-activiteiten\/gesprek-met-jan-vandenhouwe\/\">Ontmoeting met Jan Vandenhouwe<\/a><\/li>\n<li><a href=\"https:\/\/wagnervrienden.be\/index.php\/activiteiten\/voorbije-activiteiten\/der-rosenkavalier-in-amsterdam\/\"><em>Der Rosenkavalier <\/em>in Amsterdam<\/a><\/li>\n<li><a href=\"https:\/\/wagnervrienden.be\/index.php\/activiteiten\/voorbije-activiteiten\/themadag-das-rheingold\/\">Themadag <em>Das Rheingold<\/em><\/a><\/li>\n<li><a href=\"https:\/\/wagnervrienden.be\/index.php\/activiteiten\/voorbije-activiteiten\/congres-van-het-rwvi-in-brussel-brugge\/\">Congres van het RWVI in Brussel<\/a><\/li>\n<li><a href=\"https:\/\/wagnervrienden.be\/index.php\/activiteiten\/voorbije-activiteiten\/congres-van-het-rwvi-in-brussel-brugge\/concert-marie-francois-in-brugge\/\">Concert Marie Fran\u00e7ois in Brugge<\/a><\/li>\n<li><a href=\"https:\/\/wagnervrienden.be\/index.php\/activiteiten\/voorbije-activiteiten\/lohengrin-in-amsterdam-2023\/\"><em>Lohengrin <\/em>in Amsterdam<\/a><\/li>\n<li><a href=\"https:\/\/wagnervrienden.be\/index.php\/activiteiten\/voorbije-activiteiten\/wagneractiviteit-av-lezing-die-walkure-deel-1\/\">Lezing <em>Die Walk\u00fcre <\/em>(Deel 1) door Piet Lamberts-Van Assche<\/a><\/li>\n<li><a href=\"https:\/\/wagnervrienden.be\/index.php\/activiteiten\/voorbije-activiteiten\/wagneractiviteit-nieuwjaarsreceptie-lezing-die-walkure-deel-2\/\">Lezing <em>Die Walk\u00fcre <\/em>(Deel 2) door David Vergauwen<\/a><\/li>\n<li><a href=\"https:\/\/wagnervrienden.be\/index.php\/activiteiten\/voorbije-activiteiten\/wagneractiviteit-lezing-die-meistersinger-von-nurnberg\/\">Lezing <em>Die Meistersinger von N\u00fcrnberg <\/em>door prof.em. Freddy Mortier<\/a><\/li>\n<li><a href=\"https:\/\/wagnervrienden.be\/index.php\/activiteiten\/operareizen-2022\/tristan-in-essen-2024\/\"><em>Tristan und Isolde <\/em>in Essen<\/a><\/li>\n<li><a href=\"https:\/\/wagnervrienden.be\/index.php\/activiteiten\/voorbije-activiteiten\/wagneractiviteit-lezing-siegfried\/\">Lezing <em>Siegfried<\/em> door Piet Lamberts-Van Assche<\/a><\/li>\n<li><a href=\"https:\/\/wagnervrienden.be\/index.php\/activiteiten\/voorbije-activiteiten\/siegfried-in-de-munt\/\"><em>Siegfried <\/em>in de Munt<\/a><\/li>\n<li><a href=\"https:\/\/wagnervrienden.be\/index.php\/activiteiten\/voorbije-activiteiten\/stipendiatenconcert-2024\/\">Stipendiatenconcert<\/a><\/li>\n<li><a href=\"https:\/\/wagnervrienden.be\/index.php\/activiteiten\/voorbije-activiteiten\/av2024-literaire-en-muzikale-analyse-die-walkure\/\">AV + Lezing over <em>Die Walk\u00fcre<\/em> door Bernard Huyvaert<\/a><\/li>\n<li><a href=\"https:\/\/wagnervrienden.be\/index.php\/activiteiten\/voorbije-activiteiten\/wagneractiviteit-nieuwjaarsreceptie-lezing-over-gotterdammerung\/\">Lezing <em>G\u00f6tterd\u00e4mmerung <\/em>door Piet Lamberts-Van Assche &amp; Nieuwjaarsreceptie<\/a><\/li>\n<li><a href=\"https:\/\/wagnervrienden.be\/index.php\/activiteiten\/voorbije-activiteiten\/das-rheingold-in-parijs\/\"><em>Das Rheingold <\/em>in Parijs<\/a><\/li>\n<li><a href=\"https:\/\/wagnervrienden.be\/index.php\/activiteiten\/voorbije-activiteiten\/parsifal-in-essen-2025\/\"><em>Parsifal\u00a0<\/em>in Essen<\/a><\/li>\n<li><a href=\"https:\/\/wagnervrienden.be\/index.php\/activiteiten\/voorbije-activiteiten\/operareis-die-frau-ohne-schatten-in-amsterdam\/\"><em>Die Frau ohne Schatten\u00a0<\/em>in Amsterdam<\/a><\/li>\n<li><a href=\"https:\/\/wagnervrienden.be\/index.php\/activiteiten\/voorbije-activiteiten\/wagneractiviteit-lezing-lohengrin\/\">Lezing\u00a0<em>Lohengrin<\/em> door prof. em. Freddy Mortier<\/a><\/li>\n<li><a href=\"https:\/\/wagnervrienden.be\/index.php\/activiteiten\/voorbije-activiteiten\/themadag-parsifal\/\">Lezing 2de akte\u00a0<em>Parsifal<\/em> door Bernard Huyvaert<\/a><\/li>\n<li><a href=\"https:\/\/wagnervrienden.be\/index.php\/activiteiten\/voorbije-activiteiten\/av2025-lezing-rienzi\/\">AV2025 + Lezing\u00a0<em>Rienzi\u00a0<\/em><\/a><\/li>\n<li><a href=\"https:\/\/wagnervrienden.be\/index.php\/activiteiten\/voorbije-activiteiten\/wagneractiviteit-lezing-david-vergauwen-over-mozart-nieuwjaarsreceptie\/\">Lezing David Vergauwen over Mozart &amp; Nieuwjaarsreceptie<\/a><\/li>\n<\/ul>\n","protected":false},"excerpt":{"rendered":"<p>Lezing Der Fliegende Holl\u00e4nder Algemene Vergadering 2021 Lezing Der Freisch\u00fctz Der Freisch\u00fctz in Amsterdam Lezing prof. Mortier: De muziekfilosofie van Richard Wagner 10 jaar WagnerVrienden: AV + Lezing Tannh\u00e4user Tannh\u00e4user in Essen Lezing Der Rosenkavalier Ontmoeting met Jan Vandenhouwe Der Rosenkavalier in Amsterdam Themadag Das Rheingold Congres van het RWVI in Brussel Concert Marie Fran\u00e7ois&hellip; <a class=\"more-link\" href=\"https:\/\/wagnervrienden.be\/index.php\/activiteiten\/voorbije-activiteiten\/\">Lees verder <span class=\"screen-reader-text\">Voorbije activiteiten<\/span><\/a><\/p>\n","protected":false},"author":2,"featured_media":0,"parent":36,"menu_order":0,"comment_status":"closed","ping_status":"closed","template":"","meta":{"footnotes":""},"class_list":["post-553","page","type-page","status-publish","hentry","entry"],"jetpack_sharing_enabled":true,"_links":{"self":[{"href":"https:\/\/wagnervrienden.be\/index.php\/wp-json\/wp\/v2\/pages\/553","targetHints":{"allow":["GET"]}}],"collection":[{"href":"https:\/\/wagnervrienden.be\/index.php\/wp-json\/wp\/v2\/pages"}],"about":[{"href":"https:\/\/wagnervrienden.be\/index.php\/wp-json\/wp\/v2\/types\/page"}],"author":[{"embeddable":true,"href":"https:\/\/wagnervrienden.be\/index.php\/wp-json\/wp\/v2\/users\/2"}],"replies":[{"embeddable":true,"href":"https:\/\/wagnervrienden.be\/index.php\/wp-json\/wp\/v2\/comments?post=553"}],"version-history":[{"count":17,"href":"https:\/\/wagnervrienden.be\/index.php\/wp-json\/wp\/v2\/pages\/553\/revisions"}],"predecessor-version":[{"id":1292,"href":"https:\/\/wagnervrienden.be\/index.php\/wp-json\/wp\/v2\/pages\/553\/revisions\/1292"}],"up":[{"embeddable":true,"href":"https:\/\/wagnervrienden.be\/index.php\/wp-json\/wp\/v2\/pages\/36"}],"wp:attachment":[{"href":"https:\/\/wagnervrienden.be\/index.php\/wp-json\/wp\/v2\/media?parent=553"}],"curies":[{"name":"wp","href":"https:\/\/api.w.org\/{rel}","templated":true}]}}